{"id":3201,"date":"2021-01-17T22:46:18","date_gmt":"2021-01-17T21:46:18","guid":{"rendered":"http:\/\/michelgurfinkiel.com\/blog\/?page_id=3201"},"modified":"2021-02-16T19:22:00","modified_gmt":"2021-02-16T18:22:00","slug":"home-en","status":"publish","type":"page","link":"http:\/\/michelgurfinkiel.com\/blog\/en\/home-en\/","title":{"rendered":"Home-en"},"content":{"rendered":"\t\t<div data-elementor-type=\"wp-page\" data-elementor-id=\"3201\" class=\"elementor elementor-3201\" data-elementor-settings=\"[]\">\n\t\t\t\t\t\t<div class=\"elementor-inner\">\n\t\t\t\t\t\t\t<div class=\"elementor-section-wrap\">\n\t\t\t\t\t\t\t<section class=\"elementor-section elementor-top-section elementor-element elementor-element-731a94b elementor-section-boxed elementor-section-height-default elementor-section-height-default\" data-id=\"731a94b\" data-element_type=\"section\">\n\t\t\t\t\t\t<div class=\"elementor-container elementor-column-gap-default\">\n\t\t\t\t\t\t\t<div class=\"elementor-row\">\n\t\t\t\t\t<div class=\"elementor-column elementor-col-50 elementor-top-column elementor-element elementor-element-efb9e99\" data-id=\"efb9e99\" data-element_type=\"column\">\n\t\t\t<div class=\"elementor-column-wrap elementor-element-populated\">\n\t\t\t\t\t\t\t<div class=\"elementor-widget-wrap\">\n\t\t\t\t\t\t<div class=\"elementor-element elementor-element-a68db59 elementor-widget elementor-widget-posts\" data-id=\"a68db59\" data-element_type=\"widget\" data-settings=\"{&quot;full_content_row_gap&quot;:{&quot;unit&quot;:&quot;px&quot;,&quot;size&quot;:35,&quot;sizes&quot;:[]}}\" data-widget_type=\"posts.full_content\">\n\t\t\t\t<div class=\"elementor-widget-container\">\n\t\t\t\t\t<div class=\"elementor-posts-container elementor-posts elementor-posts--skin-full_content elementor-grid\">\n\t\t\t\t<article class=\"elementor-post elementor-grid-item post-4372 post type-post status-publish format-standard hentry\">\n\t\t\t\t<div class=\"elementor-post__text\">\n\t\t\t\t<h3 class=\"elementor-post__title\">\n\t\t\t<a href=\"http:\/\/michelgurfinkiel.com\/blog\/en\/a-third-round-in-france-and-then-a-fourth-2\/\" >\n\t\t\t\tA THIRD ROUND IN FRANCE, AND THEN A FOURTH ?\t\t\t<\/a>\n\t\t<\/h3>\n\t\t\t\t<div class=\"elementor-post__meta-data\">\n\t\t\t\t\t<span class=\"elementor-post-date\">\n\t\t\t26 avril 2022\t\t<\/span>\n\t\t\t\t<\/div>\n\t\t\n<p><strong><em>Macron was re-elected with 58.5 percent of the vote, but 63 percent of the French hope he loses the National Assembly elections in June.<\/em><\/strong><\/p>\n\n\n\n<p><\/p>\n\n\n\n<p>A strange map emerged yesterday in the second round of the French presidential election. On the face of it, the incumbent centrist president, Emmanuel Macron, defeated his far-right challenger, Marine Le Pen, by 58.5 percent of the vote against 41.5 percent. However, the closer one looks at the picture, the more intriguing the pattern.<\/p>\n\n\n\n<p>One can hardly speak of a Le Pen underachievement. The daughter of the founder of the National Front actually expanded by eight points her showing from the 33.9 percent of the vote she had garnered in 2017. She led in 28 d\u00e9partements, and in more than 50 percent of all communes nationwide. Once confined to Northern France and Provence, this time she penetrated Eastern France or Occitania, and overcame Corsica.&nbsp;<\/p>\n\n\n\n<p>Ms. Le Pen\u2019s most consequential advance took place in the far flung French overseas territories, the global population of which is more than 2.7 million : Saint-Pierre and Miquelon in the Northern Atlantic; Guadeloupe and Martinique in the Caribbean; Guyane in South America; La R\u00e9union and Mayotte in the Indian Ocean; New Caledonia, Wallis and \/ Futuna, and French Polynesia in the Pacific.&nbsp;<\/p>\n\n\n\n<p>While they are just as French as Metropolitan France in constitutional and legal terms, these territories are different in terms of race, ethnicity, and religion. Afro-French communities predominate in the Caribbean, and Melanesian or Polynesian groups in the Pacific. La R\u00e9union is a melting pot of Europeans, Africans, and Indians. As for Mayotte, it is African and Muslim.<\/p>\n\n\n\n<p>One would have expected these regions to reject a \u201cFascist\u201d Marine Le Pen. That used to be the case with her father, Jean-Marie Le Pen. In 1987, large-scale demonstrations prevented him from even landing at Lamentin International Airport in Martinique, and then at Pointe-\u00e0-Pitre International Airport in Guadeloupe, 117 miles away. Ten years later, in 1997, he ran into similar difficulties at Lamentin, again.&nbsp;<\/p>\n\n\n\n<p>Yesterday, however, the younger Le Pen swept most of Overseas France: 69.6 percent of the vote in Guadeloupe, 60.9 percent in Martinique, 60.7 percent in Guyane, as well as 59.6 percent in La R\u00e9union and 59.1 percent in Mayotte. The only overseas territories that voted Macron were New Caledonia and Polynesia.&nbsp;<\/p>\n\n\n\n<p>That\u2019s a stunning reversal. One explanation is that Marine Le Pen, who succeeded her father in 2011, departed from his original far-right agenda and transformed the National Front \u2014 renamed National Rally \u2014 into a more inclusive, nonracist populist party. If that allowed her to make significant inroads in the Western Atlantic and the Indian Ocean in the first round, it was not enough to carry the second round.<\/p>\n\n\n\n<p>In the first round, on April 10, four of these five regions came out as left-wing strongholds. Jean-Luc M\u00e9lenchon, the far-left champion, garnered 56.2 percent of the vote in Guadeloupe, 53.1 percent in Martinique, 50.5 percent in Guyane, 40.3 percent in La R\u00e9union. Whereas Ms. Le Pen got respectively 17.9 percent, 13.4 percent, 17.2 percent, and 24.7 percent. The only overseas place where she came ahead of Monsieur Melenchon was Mayotte.<\/p>\n\n\n\n<p>One must then conclude that Mr. Melenchon\u2019s overseas voters switched in large numbers to Ms. Le Pen in the second round. And the same holds true of many constituencies in Metropolitan France \u2014 especially in small and middle-size communes. While there are many places where the far left joined forces with Monsieur Macron or abstained rather than supported Ms. Le Pen (for instance Greater Paris), a sizable leftist vote in the first round was often a prerequisite for a Le Pen surge in the second round.&nbsp;<\/p>\n\n\n\n<p>Conversely, one may surmise that many Le Pen voters would have been ready to support Monsieur Melenchon against President Macron, in the case he, rather than her, would have been qualified for the second round. What is remarkable here is that this was not so much the result of party strategies than of party sociologies.<\/p>\n\n\n\n<p>Mme. Le Pen\u2019s National Rally, Monsieur Melenchon\u2019s Popular Union, and such lesser players as Eric Zemmour\u2019s Reconquest Party, Yannick Jadot\u2019s Green Alliance, or Fabien Roussel\u2019s Communist Party compete for what has been described as \u201cperipheral\u201d France \u2014 that part of the country outside the main urban centers. They share a common devotion to the post-1945 Welfare State, and a culture of frustration, anger, and suspicion regarding the European Union and an American-led globalization.&nbsp;<\/p>\n\n\n\n<p>The last dividing line among them is the issue of immigration. It is seen as a deadly threat by Monsieur Zemmour, and as a natural outcome by Monsieur Melenchon. Mme. Le Pen is quietly dropping it from her platform, in line with her new inclusive stand. Now, can this Right-Left convergence last until the National Assembly elections scheduled for June 12 and 19? And provided it can, who will benefit from it?&nbsp;<\/p>\n\n\n\n<p>In her concession speech, Marine Le Pen described the coming parliamentary ballots as a \u201cthird round\u201d that may cut President Macron\u2019s victory to size. Short of a solid majority at the National Assembly, the re-elected president will have to share his extensive powers with a hostile prime minister, something known as \u201ccohabitation.\u201d An OpinionWay poll released today discovered that 63 percent of the French see it as a desirable development. An Ipsos poll says that 56 percent of the French actually want Mr. Macron to lose the June elections.<\/p>\n\n\n\n<p>Monsieur Melenchon boldly casts himself as a potential counter-president designated by a left-wing assembly. Monsieur Zemmour advocates an alternative format \u2014 a right-wing assembly dominated by \u201cl\u2019union des droites,\u201d a coalition of all conservatives, from Mme. Le Pen to a vestigial classic Right. On the one hand, Marine Le Pen certainly needs the Zemmour voters (roughly 7 percent of the national vote) to win seats. On the other hand, the columnist turned politician was foolish enough to characterize the April 24 returns as \u201cthe eighth defeat of the National Camp associated with the Le Pen name.\u201d<\/p>\n\n\n\n<p>Cohabitation may be ultimately averted, and President Macron spared a lame-duck experience, thanks to the electoral law that provides a seat-by-seat majority ballot for the National Assembly. It is tempting to extrapolate in this respect from the first round\u2019s constituency returns. Since Mr. Macron came out first on April 10 in 256 constituencies out of 566, he would theoretically need 27 additional seats only in order to get a majority \u2014 something that could be achieved through some maneuvering between rival opposition candidates or with the help of outgoing conservative members of Parliament.<\/p>\n\n\n\n<p>However, even a June victory might not settle the French political conundrum. If the National Assembly is to the liking of the president, one has to beware of a fourth round played in the street. As during the Yellow Vests crisis of 2018-19.<\/p>\n\n\n\n<p><strong>\u00a9 Michel Gurfinkiel &amp; The New York Sun, 2022<\/strong><\/p>\n\n\n\n<p><em>Michel Gurfinkiel is a French public intellectual and a Contributing Editor to The New York Sun.<\/em><em><\/em><\/p>\n\t\t<\/div>\n\t\t\t\t<\/article>\n\t\t\t\t<\/div>\n\t\t\t\t<\/div>\n\t\t\t\t<\/div>\n\t\t\t\t\t\t<\/div>\n\t\t\t\t\t<\/div>\n\t\t<\/div>\n\t\t\t\t<div class=\"elementor-column elementor-col-50 elementor-top-column elementor-element elementor-element-c3e7668\" data-id=\"c3e7668\" data-element_type=\"column\">\n\t\t\t<div class=\"elementor-column-wrap elementor-element-populated\">\n\t\t\t\t\t\t\t<div class=\"elementor-widget-wrap\">\n\t\t\t\t\t\t<section class=\"elementor-section elementor-inner-section elementor-element elementor-element-c0a0294 elementor-section-boxed elementor-section-height-default elementor-section-height-default\" data-id=\"c0a0294\" data-element_type=\"section\">\n\t\t\t\t\t\t<div class=\"elementor-container elementor-column-gap-default\">\n\t\t\t\t\t\t\t<div class=\"elementor-row\">\n\t\t\t\t\t<div class=\"elementor-column elementor-col-50 elementor-inner-column elementor-element elementor-element-2bffd4a\" data-id=\"2bffd4a\" data-element_type=\"column\">\n\t\t\t<div class=\"elementor-column-wrap elementor-element-populated\">\n\t\t\t\t\t\t\t<div class=\"elementor-widget-wrap\">\n\t\t\t\t\t\t<div class=\"elementor-element elementor-element-7be1332 elementor-widget elementor-widget-heading\" data-id=\"7be1332\" data-element_type=\"widget\" data-widget_type=\"heading.default\">\n\t\t\t\t<div class=\"elementor-widget-container\">\n\t\t\t<h2 class=\"elementor-heading-title elementor-size-default\">Share:<\/h2>\t\t<\/div>\n\t\t\t\t<\/div>\n\t\t\t\t\t\t<\/div>\n\t\t\t\t\t<\/div>\n\t\t<\/div>\n\t\t\t\t<div class=\"elementor-column elementor-col-50 elementor-inner-column elementor-element elementor-element-af3375f\" data-id=\"af3375f\" data-element_type=\"column\">\n\t\t\t<div class=\"elementor-column-wrap elementor-element-populated\">\n\t\t\t\t\t\t\t<div class=\"elementor-widget-wrap\">\n\t\t\t\t\t\t<div class=\"elementor-element elementor-element-591432f elementor-share-buttons--view-icon elementor-share-buttons--align-right elementor-share-buttons--skin-gradient elementor-share-buttons--shape-square elementor-grid-0 elementor-share-buttons--color-official elementor-widget elementor-widget-share-buttons\" data-id=\"591432f\" data-element_type=\"widget\" data-widget_type=\"share-buttons.default\">\n\t\t\t\t<div class=\"elementor-widget-container\">\n\t\t\t\t\t<div class=\"elementor-grid\">\n\t\t\t\t\t\t\t\t<div class=\"elementor-grid-item\">\n\t\t\t\t\t\t<div class=\"elementor-share-btn elementor-share-btn_facebook\">\n\t\t\t\t\t\t\t\t\t\t\t\t\t\t\t<span class=\"elementor-share-btn__icon\">\n\t\t\t\t\t\t\t\t<i class=\"fab fa-facebook\"\n\t\t\t\t\t\t\t\t   aria-hidden=\"true\"><\/i>\n\t\t\t\t\t\t\t\t<span\n\t\t\t\t\t\t\t\t\tclass=\"elementor-screen-only\">Partager sur facebook<\/span>\n\t\t\t\t\t\t\t<\/span>\n\t\t\t\t\t\t\t\t\t\t\t\t\t\t\t\t\t\t\t\t<\/div>\n\t\t\t\t\t<\/div>\n\t\t\t\t\t\t\t\t\t<div class=\"elementor-grid-item\">\n\t\t\t\t\t\t<div class=\"elementor-share-btn elementor-share-btn_twitter\">\n\t\t\t\t\t\t\t\t\t\t\t\t\t\t\t<span class=\"elementor-share-btn__icon\">\n\t\t\t\t\t\t\t\t<i class=\"fab fa-twitter\"\n\t\t\t\t\t\t\t\t   aria-hidden=\"true\"><\/i>\n\t\t\t\t\t\t\t\t<span\n\t\t\t\t\t\t\t\t\tclass=\"elementor-screen-only\">Partager sur twitter<\/span>\n\t\t\t\t\t\t\t<\/span>\n\t\t\t\t\t\t\t\t\t\t\t\t\t\t\t\t\t\t\t\t<\/div>\n\t\t\t\t\t<\/div>\n\t\t\t\t\t\t\t\t\t<div class=\"elementor-grid-item\">\n\t\t\t\t\t\t<div class=\"elementor-share-btn elementor-share-btn_linkedin\">\n\t\t\t\t\t\t\t\t\t\t\t\t\t\t\t<span class=\"elementor-share-btn__icon\">\n\t\t\t\t\t\t\t\t<i class=\"fab fa-linkedin\"\n\t\t\t\t\t\t\t\t   aria-hidden=\"true\"><\/i>\n\t\t\t\t\t\t\t\t<span\n\t\t\t\t\t\t\t\t\tclass=\"elementor-screen-only\">Partager sur linkedin<\/span>\n\t\t\t\t\t\t\t<\/span>\n\t\t\t\t\t\t\t\t\t\t\t\t\t\t\t\t\t\t\t\t<\/div>\n\t\t\t\t\t<\/div>\n\t\t\t\t\t\t<\/div>\n\t\t\t\t<\/div>\n\t\t\t\t<\/div>\n\t\t\t\t\t\t<\/div>\n\t\t\t\t\t<\/div>\n\t\t<\/div>\n\t\t\t\t\t\t\t\t<\/div>\n\t\t\t\t\t<\/div>\n\t\t<\/section>\n\t\t\t\t<div class=\"elementor-element elementor-element-7749ecf elementor-widget elementor-widget-heading\" data-id=\"7749ecf\" data-element_type=\"widget\" data-widget_type=\"heading.default\">\n\t\t\t\t<div class=\"elementor-widget-container\">\n\t\t\t<h2 class=\"elementor-heading-title elementor-size-default\">Recent Articles<\/h2>\t\t<\/div>\n\t\t\t\t<\/div>\n\t\t\t\t<div class=\"elementor-element elementor-element-d9cab5d elementor-grid-1 elementor-posts--thumbnail-none elementor-posts--align-left elementor-grid-tablet-2 elementor-grid-mobile-1 elementor-widget elementor-widget-posts\" data-id=\"d9cab5d\" data-element_type=\"widget\" data-settings=\"{&quot;classic_columns&quot;:&quot;1&quot;,&quot;classic_row_gap&quot;:{&quot;unit&quot;:&quot;px&quot;,&quot;size&quot;:0,&quot;sizes&quot;:[]},&quot;classic_columns_tablet&quot;:&quot;2&quot;,&quot;classic_columns_mobile&quot;:&quot;1&quot;}\" data-widget_type=\"posts.classic\">\n\t\t\t\t<div class=\"elementor-widget-container\">\n\t\t\t\t\t<div class=\"elementor-posts-container elementor-posts elementor-posts--skin-classic elementor-grid\">\n\t\t\t\t<article class=\"elementor-post elementor-grid-item post-4372 post type-post status-publish format-standard hentry\">\n\t\t\t\t<div class=\"elementor-post__text\">\n\t\t\t\t<h3 class=\"elementor-post__title\">\n\t\t\t<a href=\"http:\/\/michelgurfinkiel.com\/blog\/en\/a-third-round-in-france-and-then-a-fourth-2\/\" >\n\t\t\t\tA THIRD ROUND IN FRANCE, AND THEN A FOURTH ?\t\t\t<\/a>\n\t\t<\/h3>\n\t\t\t\t<div class=\"elementor-post__meta-data\">\n\t\t\t\t\t<span class=\"elementor-post-date\">\n\t\t\t26 avril 2022\t\t<\/span>\n\t\t\t\t<\/div>\n\t\t\t\t<\/div>\n\t\t\t\t<\/article>\n\t\t\t\t<article class=\"elementor-post elementor-grid-item post-4366 post type-post status-publish format-standard hentry\">\n\t\t\t\t<div class=\"elementor-post__text\">\n\t\t\t\t<h3 class=\"elementor-post__title\">\n\t\t\t<a href=\"http:\/\/michelgurfinkiel.com\/blog\/en\/bennetts-double-gambit\/\" >\n\t\t\t\tBennett&rsquo;s Double Gambit\t\t\t<\/a>\n\t\t<\/h3>\n\t\t\t\t<div class=\"elementor-post__meta-data\">\n\t\t\t\t\t<span class=\"elementor-post-date\">\n\t\t\t22 juin 2021\t\t<\/span>\n\t\t\t\t<\/div>\n\t\t\t\t<\/div>\n\t\t\t\t<\/article>\n\t\t\t\t<article class=\"elementor-post elementor-grid-item post-4361 post type-post status-publish format-standard hentry\">\n\t\t\t\t<div class=\"elementor-post__text\">\n\t\t\t\t<h3 class=\"elementor-post__title\">\n\t\t\t<a href=\"http:\/\/michelgurfinkiel.com\/blog\/en\/israel-the-longer-view\/\" >\n\t\t\t\tIsrael, The Longer View\t\t\t<\/a>\n\t\t<\/h3>\n\t\t\t\t<div class=\"elementor-post__meta-data\">\n\t\t\t\t\t<span class=\"elementor-post-date\">\n\t\t\t22 avril 2021\t\t<\/span>\n\t\t\t\t<\/div>\n\t\t\t\t<\/div>\n\t\t\t\t<\/article>\n\t\t\t\t<article class=\"elementor-post elementor-grid-item post-4358 post type-post status-publish format-standard hentry tag-france-en\">\n\t\t\t\t<div class=\"elementor-post__text\">\n\t\t\t\t<h3 class=\"elementor-post__title\">\n\t\t\t<a href=\"http:\/\/michelgurfinkiel.com\/blog\/en\/fading-france-could-emerge-as-quite-a-story\/\" >\n\t\t\t\tFading France Could Emerge As Quite a Story\t\t\t<\/a>\n\t\t<\/h3>\n\t\t\t\t<div class=\"elementor-post__meta-data\">\n\t\t\t\t\t<span class=\"elementor-post-date\">\n\t\t\t21 mars 2021\t\t<\/span>\n\t\t\t\t<\/div>\n\t\t\t\t<\/div>\n\t\t\t\t<\/article>\n\t\t\t\t<article class=\"elementor-post elementor-grid-item post-4354 post type-post status-publish format-standard hentry category-francais tag-irlande\">\n\t\t\t\t<div class=\"elementor-post__text\">\n\t\t\t\t<h3 class=\"elementor-post__title\">\n\t\t\t<a href=\"http:\/\/michelgurfinkiel.com\/blog\/un-siecle-dindependance-irlandaise\/\" >\n\t\t\t\tUn si\u00e8cle d\u2019ind\u00e9pendance irlandaise\t\t\t<\/a>\n\t\t<\/h3>\n\t\t\t\t<div class=\"elementor-post__meta-data\">\n\t\t\t\t\t<span class=\"elementor-post-date\">\n\t\t\t18 mars 2021\t\t<\/span>\n\t\t\t\t<\/div>\n\t\t\t\t<\/div>\n\t\t\t\t<\/article>\n\t\t\t\t<\/div>\n\t\t\t\t<\/div>\n\t\t\t\t<\/div>\n\t\t\t\t<div class=\"elementor-element elementor-element-2b80837 elementor-widget elementor-widget-wp-widget-wpp\" data-id=\"2b80837\" data-element_type=\"widget\" data-widget_type=\"wp-widget-wpp.default\">\n\t\t\t\t<div class=\"elementor-widget-container\">\n\t\t\t\n\n<h3>Most Read Articles<\/h3><!-- cached -->\n<!-- WordPress Popular Posts -->\n\n<p>\n<u><a href=\"http:\/\/michelgurfinkiel.com\/blog\/moyen-orient-alerte-rouge\/\" class=\"wpp-post-title\" target=\"_self\">Moyen-Orient\/ Alerte rouge<\/a><\/u>  <span class=\"wpp-meta post-stats\">octobre 18, 2012<\/span>\n\n<\/p>\n\n\n\t\t<\/div>\n\t\t\t\t<\/div>\n\t\t\t\t<section class=\"elementor-section elementor-inner-section elementor-element elementor-element-e569ad3 elementor-section-boxed elementor-section-height-default elementor-section-height-default\" data-id=\"e569ad3\" data-element_type=\"section\" data-settings=\"{&quot;background_background&quot;:&quot;classic&quot;}\">\n\t\t\t\t\t\t<div class=\"elementor-container elementor-column-gap-default\">\n\t\t\t\t\t\t\t<div class=\"elementor-row\">\n\t\t\t\t\t<div class=\"elementor-column elementor-col-100 elementor-inner-column elementor-element elementor-element-7db40b6\" data-id=\"7db40b6\" data-element_type=\"column\">\n\t\t\t<div class=\"elementor-column-wrap elementor-element-populated\">\n\t\t\t\t\t\t\t<div class=\"elementor-widget-wrap\">\n\t\t\t\t\t\t<div class=\"elementor-element elementor-element-74fea5d elementor-widget elementor-widget-heading\" data-id=\"74fea5d\" data-element_type=\"widget\" data-widget_type=\"heading.default\">\n\t\t\t\t<div class=\"elementor-widget-container\">\n\t\t\t<h3 class=\"elementor-heading-title elementor-size-default\">Send me a message<\/h3>\t\t<\/div>\n\t\t\t\t<\/div>\n\t\t\t\t<div class=\"elementor-element elementor-element-49e6728 elementor-button-align-end elementor-widget elementor-widget-form\" data-id=\"49e6728\" data-element_type=\"widget\" data-settings=\"{&quot;step_next_label&quot;:&quot;Next&quot;,&quot;step_previous_label&quot;:&quot;Previous&quot;,&quot;button_width&quot;:&quot;100&quot;,&quot;step_type&quot;:&quot;number_text&quot;,&quot;step_icon_shape&quot;:&quot;circle&quot;}\" data-widget_type=\"form.default\">\n\t\t\t\t<div class=\"elementor-widget-container\">\n\t\t\t\t\t<form class=\"elementor-form\" method=\"post\" name=\"New Form\">\n\t\t\t<input type=\"hidden\" name=\"post_id\" value=\"3201\"\/>\n\t\t\t<input type=\"hidden\" name=\"form_id\" value=\"49e6728\"\/>\n\n\t\t\t\n\t\t\t<div class=\"elementor-form-fields-wrapper elementor-labels-\">\n\t\t\t\t\t\t\t\t<div class=\"elementor-field-type-text elementor-field-group elementor-column elementor-field-group-name elementor-col-100\">\n\t\t\t\t\t<label for=\"form-field-name\" class=\"elementor-field-label elementor-screen-only\">Full Name<\/label><input size=\"1\" type=\"text\" name=\"form_fields[name]\" id=\"form-field-name\" class=\"elementor-field elementor-size-sm  elementor-field-textual\" placeholder=\"Full Name\">\t\t\t\t<\/div>\n\t\t\t\t\t\t\t\t<div class=\"elementor-field-type-email elementor-field-group elementor-column elementor-field-group-field_1 elementor-col-100 elementor-field-required\">\n\t\t\t\t\t<label for=\"form-field-field_1\" class=\"elementor-field-label elementor-screen-only\">Email<\/label><input size=\"1\" type=\"email\" name=\"form_fields[field_1]\" id=\"form-field-field_1\" class=\"elementor-field elementor-size-sm  elementor-field-textual\" placeholder=\"Email\" required=\"required\" aria-required=\"true\">\t\t\t\t<\/div>\n\t\t\t\t\t\t\t\t<div class=\"elementor-field-type-textarea elementor-field-group elementor-column elementor-field-group-field_f3ea279 elementor-col-100 elementor-field-required\">\n\t\t\t\t\t<textarea class=\"elementor-field-textual elementor-field  elementor-size-sm\" name=\"form_fields[field_f3ea279]\" id=\"form-field-field_f3ea279\" rows=\"4\" placeholder=\"Message\" required=\"required\" aria-required=\"true\"><\/textarea>\t\t\t\t<\/div>\n\t\t\t\t\t\t\t\t<div class=\"elementor-field-type-recaptcha_v3 elementor-field-group elementor-column elementor-field-group-field_88f6483 elementor-col-100 recaptcha_v3-bottomright\">\n\t\t\t\t\t<div class=\"elementor-field\" id=\"form-field-field_88f6483\"><div class=\"elementor-g-recaptcha\" data-sitekey=\"6LdyITMaAAAAALHbP1TZwa6jomd7yUy7iX0nfth1\" data-type=\"v3\" data-action=\"Form\" data-badge=\"bottomright\" data-size=\"invisible\"><\/div><\/div>\t\t\t\t<\/div>\n\t\t\t\t\t\t\t\t<div class=\"elementor-field-group elementor-column elementor-field-type-submit elementor-col-100 e-form__buttons\">\n\t\t\t\t\t<button type=\"submit\" class=\"elementor-button elementor-size-sm\">\n\t\t\t\t\t\t<span >\n\t\t\t\t\t\t\t\t\t\t\t\t\t\t\t<span class=\"elementor-align-icon-right elementor-button-icon\">\n\t\t\t\t\t\t\t\t\t<i aria-hidden=\"true\" class=\"fas fa-long-arrow-alt-right\"><\/i>\t\t\t\t\t\t\t\t\t\t\t\t\t\t\t\t\t<\/span>\n\t\t\t\t\t\t\t\t\t\t\t\t\t\t\t\t\t\t\t\t\t\t<span class=\"elementor-button-text\">Send<\/span>\n\t\t\t\t\t\t\t\t\t\t\t\t\t<\/span>\n\t\t\t\t\t<\/button>\n\t\t\t\t<\/div>\n\t\t\t<\/div>\n\t\t<\/form>\n\t\t\t\t<\/div>\n\t\t\t\t<\/div>\n\t\t\t\t\t\t<\/div>\n\t\t\t\t\t<\/div>\n\t\t<\/div>\n\t\t\t\t\t\t\t\t<\/div>\n\t\t\t\t\t<\/div>\n\t\t<\/section>\n\t\t\t\t\t\t<\/div>\n\t\t\t\t\t<\/div>\n\t\t<\/div>\n\t\t\t\t\t\t\t\t<\/div>\n\t\t\t\t\t<\/div>\n\t\t<\/section>\n\t\t\t\t\t\t<\/div>\n\t\t\t\t\t\t<\/div>\n\t\t\t\t\t<\/div>\n\t\t","protected":false},"excerpt":{"rendered":"<p><em><\/em><em>En 1916, l\u2019Irlande \u00e9tait quasiment int\u00e9gr\u00e9e au sein du Royaume-Uni. Le sacrifice de quelques nationalistes exalt\u00e9s a chang\u00e9 l\u2019histoire de l\u2019\u00eele pour toujours.<\/em><\/p>\n<p class=\"author-upp\">MICHEL GURFINKIEL<\/p>\n<p><em>\u00ab&nbsp;L\u2019Irlande ne soutenait pas la r\u00e9volution\u2026 Mais dans quelques mois, elle la soutiendra. Son c\u0153ur \u00e9tait h\u00e9sitant au moment de l\u2019insurrection, mais maintenant qu\u2019elle a vu que des hommes \u00e9taient pr\u00eats \u00e0 mourir pour sa cause, elle se rallie peu \u00e0 peu\u2026&nbsp;\u00bb<\/em>&nbsp; C\u2019est ce qu\u2019\u00e9crit le romancier et po\u00e8te James Stephens au lendemain de <em>l\u2019Easter Rising<\/em>, l\u2019Insurrection de P\u00e2ques qui marque en effet, en 1916, le d\u00e9but des combats pour l\u2019ind\u00e9pendance irlandaise. Cinq ans plus tard, en 1921, ceux-ci aboutissent \u00e0 une v\u00e9ritable guerre. Puis \u00e0 un compromis historique&nbsp;: la Grande-Bretagne accepte la cr\u00e9ation d\u2019un Etat libre dans la plus grande partie de l\u2019\u00eele, mais conserve le contr\u00f4le des six comt\u00e9s de l\u2019Ulster. Par del\u00e0 de nouvelles crises, de nouvelles violences et de nouveaux compromis, cette formule est toujours en vigueur aujourd\u2019hui pour l\u2019essentiel.<\/p>\n<p> <a href=\"http:\/\/michelgurfinkiel.com\/blog\/un-siecle-dindependance-irlandaise\/\">&nbsp;&raquo;&nbsp;Read more about: Un si\u00e8cle d\u2019ind\u00e9pendance irlandaise &nbsp;&raquo;<\/a><\/p>\n","protected":false},"author":2,"featured_media":0,"parent":0,"menu_order":0,"comment_status":"closed","ping_status":"closed","template":"elementor_header_footer","meta":[],"_links":{"self":[{"href":"http:\/\/michelgurfinkiel.com\/blog\/wp-json\/wp\/v2\/pages\/3201"}],"collection":[{"href":"http:\/\/michelgurfinkiel.com\/blog\/wp-json\/wp\/v2\/pages"}],"about":[{"href":"http:\/\/michelgurfinkiel.com\/blog\/wp-json\/wp\/v2\/types\/page"}],"author":[{"embeddable":true,"href":"http:\/\/michelgurfinkiel.com\/blog\/wp-json\/wp\/v2\/users\/2"}],"replies":[{"embeddable":true,"href":"http:\/\/michelgurfinkiel.com\/blog\/wp-json\/wp\/v2\/comments?post=3201"}],"version-history":[{"count":111,"href":"http:\/\/michelgurfinkiel.com\/blog\/wp-json\/wp\/v2\/pages\/3201\/revisions"}],"predecessor-version":[{"id":4174,"href":"http:\/\/michelgurfinkiel.com\/blog\/wp-json\/wp\/v2\/pages\/3201\/revisions\/4174"}],"wp:attachment":[{"href":"http:\/\/michelgurfinkiel.com\/blog\/wp-json\/wp\/v2\/media?parent=3201"}],"curies":[{"name":"wp","href":"https:\/\/api.w.org\/{rel}","templated":true}]}}