{"id":3226,"date":"2021-01-19T16:11:32","date_gmt":"2021-01-19T15:11:32","guid":{"rendered":"http:\/\/michelgurfinkiel.com\/blog\/?page_id=3226"},"modified":"2021-02-10T20:45:35","modified_gmt":"2021-02-10T19:45:35","slug":"profil","status":"publish","type":"page","link":"http:\/\/michelgurfinkiel.com\/blog\/profil\/","title":{"rendered":"Profil"},"content":{"rendered":"\t\t<div data-elementor-type=\"wp-page\" data-elementor-id=\"3226\" class=\"elementor elementor-3226\" data-elementor-settings=\"[]\">\n\t\t\t\t\t\t<div class=\"elementor-inner\">\n\t\t\t\t\t\t\t<div class=\"elementor-section-wrap\">\n\t\t\t\t\t\t\t<section class=\"elementor-section elementor-top-section elementor-element elementor-element-b80e6e0 elementor-section-boxed elementor-section-height-default elementor-section-height-default\" data-id=\"b80e6e0\" data-element_type=\"section\">\n\t\t\t\t\t\t<div class=\"elementor-container elementor-column-gap-default\">\n\t\t\t\t\t\t\t<div class=\"elementor-row\">\n\t\t\t\t\t<div class=\"elementor-column elementor-col-100 elementor-top-column elementor-element elementor-element-14fff3c\" data-id=\"14fff3c\" data-element_type=\"column\">\n\t\t\t<div class=\"elementor-column-wrap elementor-element-populated\">\n\t\t\t\t\t\t\t<div class=\"elementor-widget-wrap\">\n\t\t\t\t\t\t<div class=\"elementor-element elementor-element-623a779 elementor-widget elementor-widget-heading\" data-id=\"623a779\" data-element_type=\"widget\" data-widget_type=\"heading.default\">\n\t\t\t\t<div class=\"elementor-widget-container\">\n\t\t\t<h2 class=\"elementor-heading-title elementor-size-default\">Michel Gurfinkiel,<\/h2>\t\t<\/div>\n\t\t\t\t<\/div>\n\t\t\t\t<div class=\"elementor-element elementor-element-7516254 elementor-widget elementor-widget-heading\" data-id=\"7516254\" data-element_type=\"widget\" data-widget_type=\"heading.default\">\n\t\t\t\t<div class=\"elementor-widget-container\">\n\t\t\t<h2 class=\"elementor-heading-title elementor-size-default\">journaliste et \u00e9crivain.<\/h2>\t\t<\/div>\n\t\t\t\t<\/div>\n\t\t\t\t<div class=\"elementor-element elementor-element-df32fab elementor-widget elementor-widget-text-editor\" data-id=\"df32fab\" data-element_type=\"widget\" data-widget_type=\"text-editor.default\">\n\t\t\t\t<div class=\"elementor-widget-container\">\n\t\t\t\t\t<div class=\"elementor-text-editor elementor-clearfix\"><p>Ancien r\u00e9dacteur en chef de Valeurs actuelles, collaborateur \u00e0 Commentary, Mosaic, Standpoint, The Article, First Things, The Middle East Quarterly, et divers autres journaux et revues en langue anglaise. Auteur de plusieurs livres\u00a0: en particulier\u00a0La Cuisson du Homard, Le Roman d\u2019Odessa, Le Roman d\u2019Isra\u00ebl, Isra\u00ebl peut-il survivre, et aussi Le Devoir de M\u00e9moire, qui a r\u00e9cemment inspir\u00e9 un t\u00e9moignage \u00e9mouvant sur la Shoah \u00e0 la t\u00e9l\u00e9vision fran\u00e7aise (France 2), dans l\u2019\u00e9mission A l\u2019Origine\/Bereshit.<\/p><p>Fellow du think-tank am\u00e9ricain Middle East Forum. Professeur au Coll\u00e8ge des Bernardins dans le cadre du dialogue jud\u00e9o-chr\u00e9tien.<\/p><p>Administrateur du Consistoire central et du Consistoire de Paris. Administrateur du S\u00e9miniare isra\u00e9lite de France. Membre du Comit\u00e9 directeur de France-Isra\u00ebl.<\/p><\/div>\n\t\t\t\t<\/div>\n\t\t\t\t<\/div>\n\t\t\t\t\t\t<\/div>\n\t\t\t\t\t<\/div>\n\t\t<\/div>\n\t\t\t\t\t\t\t\t<\/div>\n\t\t\t\t\t<\/div>\n\t\t<\/section>\n\t\t\t\t\t\t<\/div>\n\t\t\t\t\t\t<\/div>\n\t\t\t\t\t<\/div>\n\t\t","protected":false},"excerpt":{"rendered":"<p>Michel Gurfinkiel,<br \/>\njournaliste et \u00e9crivain.<\/p>\n<p>Ancien r\u00e9dacteur en chef de Valeurs actuelles, collaborateur \u00e0 Commentary, Mosaic, Standpoint, The Article, First Things, The Middle East Quarterly, et divers autres journaux et revues en langue anglaise. Auteur de plusieurs livres\u00a0: en particulier\u00a0La Cuisson du Homard, Le Roman d\u2019Odessa, Le Roman d\u2019Isra\u00ebl, Isra\u00ebl peut-il survivre, et aussi Le Devoir de M\u00e9moire, qui a r\u00e9cemment inspir\u00e9 un t\u00e9moignage \u00e9mouvant sur la Shoah \u00e0 la t\u00e9l\u00e9vision fran\u00e7aise (France 2), dans l\u2019\u00e9mission A l\u2019Origine\/Bereshit.<\/p>\n<p> <a href=\"http:\/\/michelgurfinkiel.com\/blog\/profil\/\">&nbsp;&raquo;&nbsp;Read more about: Profil &nbsp;&raquo;<\/a><\/p>\n","protected":false},"author":2,"featured_media":0,"parent":0,"menu_order":0,"comment_status":"closed","ping_status":"closed","template":"elementor_header_footer","meta":[],"_links":{"self":[{"href":"http:\/\/michelgurfinkiel.com\/blog\/wp-json\/wp\/v2\/pages\/3226"}],"collection":[{"href":"http:\/\/michelgurfinkiel.com\/blog\/wp-json\/wp\/v2\/pages"}],"about":[{"href":"http:\/\/michelgurfinkiel.com\/blog\/wp-json\/wp\/v2\/types\/page"}],"author":[{"embeddable":true,"href":"http:\/\/michelgurfinkiel.com\/blog\/wp-json\/wp\/v2\/users\/2"}],"replies":[{"embeddable":true,"href":"http:\/\/michelgurfinkiel.com\/blog\/wp-json\/wp\/v2\/comments?post=3226"}],"version-history":[{"count":43,"href":"http:\/\/michelgurfinkiel.com\/blog\/wp-json\/wp\/v2\/pages\/3226\/revisions"}],"predecessor-version":[{"id":4137,"href":"http:\/\/michelgurfinkiel.com\/blog\/wp-json\/wp\/v2\/pages\/3226\/revisions\/4137"}],"wp:attachment":[{"href":"http:\/\/michelgurfinkiel.com\/blog\/wp-json\/wp\/v2\/media?parent=3226"}],"curies":[{"name":"wp","href":"https:\/\/api.w.org\/{rel}","templated":true}]}}